{"id":6,"date":"2023-02-23T03:31:52","date_gmt":"2023-02-23T03:31:52","guid":{"rendered":"https:\/\/expo-office-service.com\/?page_id=6"},"modified":"2026-01-28T11:38:56","modified_gmt":"2026-01-28T11:38:56","slug":"imprint","status":"publish","type":"page","link":"https:\/\/expo-office-service.com\/index.php\/imprint\/","title":{"rendered":"Imprint"},"content":{"rendered":"<p>[et_pb_section fb_built=&#8221;1&#8243; admin_label=&#8221;Header&#8221; _builder_version=&#8221;4.19.4&#8243; _module_preset=&#8221;default&#8221; use_background_color_gradient=&#8221;on&#8221; background_color_gradient_stops=&#8221;rgba(0,0,0,0.9) 0%|rgba(0,0,0,0.4) 100%&#8221; background_color_gradient_overlays_image=&#8221;on&#8221; background_image=&#8221;https:\/\/expo-office-service.com\/wp-content\/uploads\/2023\/02\/ioann-mark.png&#8221; collapsed=&#8221;on&#8221; global_colors_info=&#8221;{}&#8221;][et_pb_row _builder_version=&#8221;4.19.0&#8243; _module_preset=&#8221;default&#8221; global_colors_info=&#8221;{}&#8221;][et_pb_column type=&#8221;4_4&#8243; _builder_version=&#8221;4.19.0&#8243; _module_preset=&#8221;default&#8221; global_colors_info=&#8221;{}&#8221;][et_pb_text _builder_version=&#8221;4.19.0&#8243; _module_preset=&#8221;c16985e1-e0d6-4022-964d-e2bfc04fa633&#8243; header_font=&#8221;Michroma||||||||&#8221; header_font_size=&#8221;75px&#8221; header_line_height=&#8221;1.2em&#8221; text_orientation=&#8221;center&#8221; background_layout=&#8221;dark&#8221; header_font_size_tablet=&#8221;40px&#8221; header_font_size_phone=&#8221;24px&#8221; header_font_size_last_edited=&#8221;on|desktop&#8221; global_colors_info=&#8221;{}&#8221;]<\/p>\n<h1>Imprint<\/h1>\n<p>[\/et_pb_text][\/et_pb_column][\/et_pb_row][\/et_pb_section][et_pb_section fb_built=&#8221;1&#8243; _builder_version=&#8221;4.19.4&#8243; _module_preset=&#8221;default&#8221; background_color=&#8221;gcid-b90cd369-45ca-4e3a-ab74-72d6d7af1347&#8243; global_colors_info=&#8221;{%22gcid-b90cd369-45ca-4e3a-ab74-72d6d7af1347%22:%91%22background_color%22%93}&#8221;][et_pb_row _builder_version=&#8221;4.19.4&#8243; _module_preset=&#8221;default&#8221; global_colors_info=&#8221;{}&#8221;][et_pb_column type=&#8221;4_4&#8243; _builder_version=&#8221;4.19.4&#8243; _module_preset=&#8221;default&#8221; global_colors_info=&#8221;{}&#8221;][et_pb_text _builder_version=&#8221;4.19.4&#8243; _module_preset=&#8221;default&#8221; background_layout=&#8221;dark&#8221; global_colors_info=&#8221;{}&#8221;]<\/p>\n<p><span style=\"vertical-align: inherit;\"><span style=\"vertical-align: inherit;\">EXPO OFFICE &amp; SERVICE LTD.<\/span><\/span><br \/><strong><span style=\"vertical-align: inherit;\"><span style=\"vertical-align: inherit;\">Firmennummer:<\/span><\/span><\/strong><span style=\"vertical-align: inherit;\"><span style=\"vertical-align: inherit;\"> 07787332<\/span><\/span><br \/><strong><span style=\"vertical-align: inherit;\"><span style=\"vertical-align: inherit;\">Adresse<\/span><\/span><\/strong><span style=\"vertical-align: inherit;\"><span style=\"vertical-align: inherit;\">: Companyplanet Unit, 50 Salisbury Road, Hounslow\/Greater London, Vereinigtes K\u00f6nigreich, TW4 6JQ<\/span><\/span><br \/><strong><span style=\"vertical-align: inherit;\"><span style=\"vertical-align: inherit;\">E-Mail<\/span><\/span><\/strong><span style=\"vertical-align: inherit;\"><span style=\"vertical-align: inherit;\">: info@expo-office-service.com<\/span><\/span><\/p>\n<p>&nbsp;<\/p>\n<p>&nbsp;<\/p>\n<p><strong><span style=\"vertical-align: inherit;\"><span style=\"vertical-align: inherit;\">Sammlung und Nutzung von Informationen<\/span><\/span><\/strong><\/p>\n<p><span style=\"vertical-align: inherit;\"><span style=\"vertical-align: inherit;\">Expo Office &amp; Service LTD. ist der alleinige Eigent\u00fcmer der auf dieser Website gesammelten Informationen. Wir werden diese Informationen nicht auf andere Weise als in dieser Erkl\u00e4rung offengelegt verkaufen, weitergeben oder vermieten. Expo Office &amp; Service LTD. sammelt Informationen von unseren Benutzern an mehreren verschiedenen Stellen unserer Website.<\/span><\/span><\/p>\n<p>&nbsp;<\/p>\n<p><strong><span style=\"vertical-align: inherit;\"><span style=\"vertical-align: inherit;\">Cookies<\/span><\/span><\/strong><\/p>\n<p><span style=\"vertical-align: inherit;\"><span style=\"vertical-align: inherit;\">Verschiedene Browser haben unterschiedliche Cookie-Einstellungen. Internet Explorer verf\u00fcgt \u00fcber eine zus\u00e4tzliche Funktion, mit der Sie unterschiedliche Einstellungen f\u00fcr verschiedene Sicherheitszonen festlegen k\u00f6nnen. Sie k\u00f6nnen Websites erlauben, Cookies f\u00fcr Sie auf Ihren \u201cvertrauensw\u00fcrdigen Websites\u201d zu erstellen (wie Expo Office &amp; Service LTD.), Sie warnen, bevor Sie sie in Ihrer lokalen Intranetzone erstellen, und Ihnen die M\u00f6glichkeit geben, sie niemals in einer \u201cSperrzone zuzulassen.\u201d Weitere Informationen zur Arbeit mit Cookies finden Sie im Abschnitt \u201cHilfe\u201d Ihres jeweiligen Browsers.<\/span><\/span><\/p>\n<p>&nbsp;<\/p>\n<p><strong><span style=\"vertical-align: inherit;\"><span style=\"vertical-align: inherit;\">Webstatistiken<\/span><\/span><\/strong><\/p>\n<p><span style=\"vertical-align: inherit;\"><span style=\"vertical-align: inherit;\">Wir k\u00f6nnen IP-Adressen verwenden, um Trends zu analysieren, die Website zu verwalten, Benutzerbewegungen zu verfolgen und umfassende demografische Informationen zur aggregierten Verwendung f\u00fcr Berichts- und Sponsoringzwecke zu sammeln. IP-Adressen sind nicht mit personenbezogenen Daten verkn\u00fcpft.<\/span><\/span><\/p>\n<p>&nbsp;<\/p>\n<p><strong><span style=\"vertical-align: inherit;\"><span style=\"vertical-align: inherit;\">Links<\/span><\/span><\/strong><\/p>\n<p><span style=\"vertical-align: inherit;\"><span style=\"vertical-align: inherit;\">Diese Website kann Links zu anderen Websites enthalten. Bitte beachten Sie, dass Expo Office &amp; Service LTD. keine Verantwortung f\u00fcr die Datenschutzpraktiken dieser anderen Websites \u00fcbernimmt. Wir empfehlen unseren Benutzern, sich dar\u00fcber im Klaren zu sein, wann sie unsere Website verlassen, und die Datenschutzerkl\u00e4rungen jeder einzelnen Website zu lesen, die personenbezogene Daten sammelt. Diese Datenschutzerkl\u00e4rung gilt ausschlie\u00dflich f\u00fcr die von dieser Website gesammelten Informationen.<\/span><\/span><\/p>\n<p>&nbsp;<\/p>\n<p><strong><span style=\"vertical-align: inherit;\"><span style=\"vertical-align: inherit;\">Sicherheit<\/span><\/span><\/strong><\/p>\n<p><span style=\"vertical-align: inherit;\"><span style=\"vertical-align: inherit;\">Diese Website trifft alle Vorkehrungen, um die Informationen unserer Benutzer\u2019 zu sch\u00fctzen, und wir verf\u00fcgen \u00fcber Sicherheitsma\u00dfnahmen, um den Verlust, Missbrauch und die \u00c4nderung der von uns kontrollierten Informationen zu verhindern. Sie stimmen der Verwendung Ihrer Daten gem\u00e4\u00df den Regeln der DSGVO bei der Nutzung dieser Websites oder unserer Dienste zu.<\/span><\/span><\/p>\n<p>&nbsp;<\/p>\n<p><strong><span style=\"vertical-align: inherit;\"><span style=\"vertical-align: inherit;\">Benachrichtigung \u00fcber \u00c4nderungen<\/span><\/span><\/strong><\/p>\n<p><span style=\"vertical-align: inherit;\"><span style=\"vertical-align: inherit;\">Wenn wir uns entscheiden, unsere Datenschutzrichtlinie zu \u00e4ndern, werden wir diese \u00c4nderungen auf unserer Homepage ver\u00f6ffentlichen, damit unsere Benutzer immer wissen, welche Informationen wir sammeln, wie wir sie verwenden und unter welchen Umst\u00e4nden wir sie gegebenenfalls offenlegen. Sollten wir uns zu irgendeinem Zeitpunkt dazu entschlie\u00dfen, personenbezogene Daten auf eine andere Art und Weise zu verwenden als zum Zeitpunkt ihrer Erhebung angegeben, benachrichtigen wir die Benutzer per E-Mail. Benutzer haben die Wahl, ob wir ihre Informationen auf diese andere Weise verwenden oder nicht. Wir werden Informationen gem\u00e4\u00df der Datenschutzrichtlinie verwenden, unter der die Informationen gesammelt wurden.<\/span><\/span><\/p>\n<p><strong><span style=\"vertical-align: inherit;\"><span style=\"vertical-align: inherit;\">Quellen<\/span><\/span><\/strong><\/p>\n<p><span style=\"vertical-align: inherit;\"><span style=\"vertical-align: inherit;\">Foto von <\/span><\/span><a href=\"https:\/\/unsplash.com\/@andknech?utm_source=unsplash&amp;utm_medium=referral&amp;utm_content=creditCopyText\"><span style=\"vertical-align: inherit;\"><span style=\"vertical-align: inherit;\">Andrew Knechel<\/span><\/span><\/a><span style=\"vertical-align: inherit;\"><span style=\"vertical-align: inherit;\"> &#8211; <\/span><\/span><a href=\"https:\/\/unsplash.com\/de\/s\/fotos\/event?utm_source=unsplash&amp;utm_medium=referral&amp;utm_content=creditCopyText\"><span style=\"vertical-align: inherit;\"><span style=\"vertical-align: inherit;\">Unsplash<\/span><\/span><\/a><br \/><span style=\"vertical-align: inherit;\"><span style=\"vertical-align: inherit;\">Foto von <\/span><\/span><a href=\"https:\/\/unsplash.com\/de\/@aranxa_esteve?utm_source=unsplash&amp;utm_medium=referral&amp;utm_content=creditCopyText\"><span style=\"vertical-align: inherit;\"><span style=\"vertical-align: inherit;\">Aranxa Esteve<\/span><\/span><\/a><span style=\"vertical-align: inherit;\"><span style=\"vertical-align: inherit;\"> &#8211; <\/span><\/span><a href=\"https:\/\/unsplash.com\/de\/s\/fotos\/event?utm_source=unsplash&amp;utm_medium=referral&amp;utm_content=creditCopyText\"><span style=\"vertical-align: inherit;\"><span style=\"vertical-align: inherit;\">Unsplash<\/span><\/span><\/a><br \/><span style=\"vertical-align: inherit;\"><span style=\"vertical-align: inherit;\">Foto von <\/span><\/span><a href=\"https:\/\/unsplash.com\/fr\/@dannyhowe?utm_source=unsplash&amp;utm_medium=referral&amp;utm_content=creditCopyText\"><span style=\"vertical-align: inherit;\"><span style=\"vertical-align: inherit;\">Danny Howe<\/span><\/span><\/a><span style=\"vertical-align: inherit;\"><span style=\"vertical-align: inherit;\"> &#8211; <\/span><\/span><a href=\"https:\/\/unsplash.com\/de\/s\/fotos\/event?utm_source=unsplash&amp;utm_medium=referral&amp;utm_content=creditCopyText\"><span style=\"vertical-align: inherit;\"><span style=\"vertical-align: inherit;\">Unsplash<\/span><\/span><\/a><br \/><span style=\"vertical-align: inherit;\"><span style=\"vertical-align: inherit;\">Foto von <\/span><\/span><a href=\"https:\/\/unsplash.com\/it\/@scottiewarman?utm_source=unsplash&amp;utm_medium=referral&amp;utm_content=creditCopyText\"><span style=\"vertical-align: inherit;\"><span style=\"vertical-align: inherit;\">Scott Warman<\/span><\/span><\/a><span style=\"vertical-align: inherit;\"><span style=\"vertical-align: inherit;\"> &#8211; <\/span><\/span><a href=\"https:\/\/unsplash.com\/de\/s\/fotos\/event?utm_source=unsplash&amp;utm_medium=referral&amp;utm_content=creditCopyText\"><span style=\"vertical-align: inherit;\"><span style=\"vertical-align: inherit;\">Unsplash<\/span><\/span><\/a><br \/><span style=\"vertical-align: inherit;\"><span style=\"vertical-align: inherit;\">Foto von <\/span><\/span><a href=\"https:\/\/unsplash.com\/@productschool?utm_source=unsplash&amp;utm_medium=referral&amp;utm_content=creditCopyText\"><span style=\"vertical-align: inherit;\"><span style=\"vertical-align: inherit;\">Produktschule<\/span><\/span><\/a><span style=\"vertical-align: inherit;\"><span style=\"vertical-align: inherit;\"> &#8211; <\/span><\/span><a href=\"https:\/\/unsplash.com\/de\/s\/fotos\/event?utm_source=unsplash&amp;utm_medium=referral&amp;utm_content=creditCopyText\"><span style=\"vertical-align: inherit;\"><span style=\"vertical-align: inherit;\">Unsplash<\/span><\/span><\/a><\/p>\n<p>&nbsp;<\/p>\n<p><strong><span style=\"vertical-align: inherit;\"><span style=\"vertical-align: inherit;\">Design<\/span><\/span><\/strong><\/p>\n<p class=\"p1\"><span style=\"vertical-align: inherit;\"><span style=\"vertical-align: inherit;\">Entworfen mit \u2764\ufe0f von <\/span><\/span><a href=\"https:\/\/gate55.media\/\"><span style=\"vertical-align: inherit;\"><span style=\"vertical-align: inherit;\">Gate 55 Medien\u00a0<\/span><\/span><\/a><\/p>\n<p>&nbsp;<\/p>\n<p>&nbsp;<\/p>\n<p>[\/et_pb_text][\/et_pb_column][\/et_pb_row][\/et_pb_section]<\/p>\n","protected":false},"excerpt":{"rendered":"<p>ImprintEXPO OFFICE &amp; SERVICE LTD.Firmennummer: 07787332Adresse: Companyplanet Unit, 50 Salisbury Road, Hounslow\/Greater London, Vereinigtes K\u00f6nigreich, TW4 6JQE-Mail: info@expo-office-service.com &nbsp; &nbsp; Sammlung und Nutzung von Informationen Expo Office &amp; Service LTD. ist der alleinige Eigent\u00fcmer der auf dieser Website gesammelten Informationen. Wir werden diese Informationen nicht auf andere Weise als in dieser Erkl\u00e4rung offengelegt verkaufen, weitergeben [&hellip;]<\/p>\n","protected":false},"author":1,"featured_media":0,"parent":0,"menu_order":0,"comment_status":"closed","ping_status":"closed","template":"","meta":{"_et_pb_use_builder":"on","_et_pb_old_content":"<!-- wp:divi\/placeholder \/-->","_et_gb_content_width":"","footnotes":""},"class_list":["post-6","page","type-page","status-publish","hentry"],"_links":{"self":[{"href":"https:\/\/expo-office-service.com\/index.php\/wp-json\/wp\/v2\/pages\/6","targetHints":{"allow":["GET"]}}],"collection":[{"href":"https:\/\/expo-office-service.com\/index.php\/wp-json\/wp\/v2\/pages"}],"about":[{"href":"https:\/\/expo-office-service.com\/index.php\/wp-json\/wp\/v2\/types\/page"}],"author":[{"embeddable":true,"href":"https:\/\/expo-office-service.com\/index.php\/wp-json\/wp\/v2\/users\/1"}],"replies":[{"embeddable":true,"href":"https:\/\/expo-office-service.com\/index.php\/wp-json\/wp\/v2\/comments?post=6"}],"version-history":[{"count":12,"href":"https:\/\/expo-office-service.com\/index.php\/wp-json\/wp\/v2\/pages\/6\/revisions"}],"predecessor-version":[{"id":122,"href":"https:\/\/expo-office-service.com\/index.php\/wp-json\/wp\/v2\/pages\/6\/revisions\/122"}],"wp:attachment":[{"href":"https:\/\/expo-office-service.com\/index.php\/wp-json\/wp\/v2\/media?parent=6"}],"curies":[{"name":"wp","href":"https:\/\/api.w.org\/{rel}","templated":true}]}}